{"id":3,"date":"2025-12-23T17:29:34","date_gmt":"2025-12-23T16:29:34","guid":{"rendered":"https:\/\/kunde02.servdi.de\/?page_id=3"},"modified":"2025-12-26T13:06:58","modified_gmt":"2025-12-26T12:06:58","slug":"datenschutz","status":"publish","type":"page","link":"https:\/\/kunde02.servdi.de\/en\/datenschutz\/","title":{"rendered":"Data protection"},"content":{"rendered":"<article id=\"verantwortlich\" class=\"wp-block-group is-layout-constrained wp-block-group-is-layout-constrained\">\n<h1 class=\"wp-block-heading\">Privacy Policy<\/h1>\n\n\n\n<h2 class=\"wp-block-heading\">Responsible party within the meaning of the GDPR<\/h2>\n\n\n\n<p>Sabine Strecker<\/p>\n<\/article>\n\n\n\n<article id=\"personenbezogen\" class=\"wp-block-group is-layout-constrained wp-block-group-is-layout-constrained\">\n<h2 class=\"wp-block-heading\">Collection of personal data<\/h2>\n\n\n\n<p>Below, we inform you about the collection of personal data when using our website. Personal data is any data that can be related to you personally, e.g., name, address, email addresses, user behavior.<\/p>\n<\/article>\n\n\n\n<article id=\"datenrechte\" class=\"wp-block-group is-layout-constrained wp-block-group-is-layout-constrained\">\n<h2 class=\"wp-block-heading\">Data Rights<\/h2>\n\n\n\n<p><strong>Right to information<\/strong>: You can request information from us at any time\nabout the data we have stored about you. <\/p>\n\n\n\n<p><strong>Recht auf Berichtigung<\/strong>: We will correct errors in the data we have stored about you upon your request. <\/p>\n\n\n\n<p><strong>Right to deletion<\/strong>: We will delete the data we have stored about you upon your request, provided that this does not conflict with any legal regulations regarding the storage of data from business transactions (retention periods). <\/p>\n\n\n\n<p><strong>Right to restriction of processing<\/strong>: You have the right to request from us the restriction of the processing of the data stored about you by us, if one of the conditions under Article 18 GDPR is met.<\/p>\n\n\n\n<p class=\"listcaption\">To exercise your data rights, please send us a written notification to:<\/p>\n\n\n\n<div class=\"wp-block-group valuepairs is-layout-constrained wp-block-group-is-layout-constrained\">\n<div class=\"wp-block-group line is-layout-constrained wp-block-group-is-layout-constrained\">\n<div class=\"wp-block-group name is-layout-constrained wp-block-group-is-layout-constrained\">\n<p> Address<\/p>\n<\/div>\n\n\n\n<div class=\"wp-block-group value is-layout-constrained wp-block-group-is-layout-constrained\">\n<p>Sabine Strecker Coaching &amp; Training<br>Madeleine-Ruoff-Stra\u00dfe 50 <br>82211 Herrsching<\/p>\n<\/div>\n<\/div>\n\n\n\n<div class=\"wp-block-group line is-layout-constrained wp-block-group-is-layout-constrained\">\n<div class=\"wp-block-group name is-layout-constrained wp-block-group-is-layout-constrained\">\n<p>Email<\/p>\n<\/div>\n\n\n\n<div class=\"wp-block-group value is-layout-constrained wp-block-group-is-layout-constrained\">\n<p><a href=\"mailto:sabine@sabinestrecker.com\">sabine@sabinestrecker.com<\/a><\/p>\n<\/div>\n<\/div>\n<\/div>\n<\/article>\n\n\n\n<article id=\"fristen\" class=\"wp-block-group is-layout-constrained wp-block-group-is-layout-constrained\">\n<h2 class=\"wp-block-heading\">Retention periods and deletion<\/h2>\n\n\n\n<p>Once the respective purpose ceases to apply or the statutory retention periods expire, the corresponding data is routinely deleted.<\/p>\n\n\n\n<p>Your personal data will only be stored by us for as long as is necessary to achieve the purpose for which it was stored. This purpose may also arise from legal requirements (retention periods for data for documentation purposes). <\/p>\n<\/article>\n\n\n\n<article id=\"datenweitergabe\" class=\"wp-block-group is-layout-constrained wp-block-group-is-layout-constrained\">\n<h2 class=\"wp-block-heading\">Disclosure of data to third parties<\/h2>\n\n\n\n<p class=\"listcaption\">Your personal data will generally not be shared with third parties. Exceptions:<\/p>\n\n\n\n<ul class=\"wp-block-list\">\n<li>You have given your explicit consent<\/li>\n\n\n\n<li>The transfer of your data is necessary for the execution of a contract with you<\/li>\n\n\n\n<li>The data transfer is necessary to fulfill a legal obligation<\/li>\n\n\n\n<li>The data transfer is necessary to protect legitimate interests<\/li>\n\n\n\n<li>There is no reason to assume that you have an overriding legitimate interest in not disclosing your data<\/li>\n<\/ul>\n<\/article>\n\n\n\n<article id=\"allgemeine-informationen\" class=\"wp-block-group is-layout-constrained wp-block-group-is-layout-constrained\">\n<h2 class=\"wp-block-heading\">Collection of general information<\/h2>\n\n\n\n<p>When you use this website, general information is automatically collected. Examples include the type of web browser, the operating system used, the preferred language, and similar information. <\/p>\n\n\n\n<p>This information is exclusively data that cannot be used to identify the user. This type of information is technically necessary to correctly deliver the requested content. We occasionally analyze it statistically to optimize our website and the underlying technology for various access scenarios.<\/p>\n<\/article>\n\n\n\n<article id=\"aenderungen\" class=\"wp-block-group is-layout-constrained wp-block-group-is-layout-constrained\">\n<h2 class=\"wp-block-heading\">Changes<\/h2>\n\n\n\n<p>We reserve the right to amend this privacy policy at any time to comply with current legal requirements or to reflect changes to the website in accordance with data protection regulations. The new privacy policy will then apply to any subsequent visits to our website.<\/p>\n\n\n\n<h3 class=\"wp-block-heading\">As of December 2025<\/h3>\n<\/article>","protected":false},"excerpt":{"rendered":"<p>Datenschutzerkl\u00e4rung Verantwortlich im Sinne der DSGVO Sabine Strecker Erhebung personenbezogener Daten Im Folgenden informieren wir \u00fcber die Erhebung personenbezogener Daten bei Nutzung unserer Website. Personenbezogene Daten sind alle Daten, die auf Sie pers\u00f6nlich beziehbar sind, z. B. Name, Adresse, E-Mail-Adressen, Nutzerverhalten. Datenrechte Auskunftsrecht: Sie k\u00f6nnen von uns jederzeit Auskunft \u00fcber die Daten erhalten, welche wir [&hellip;]<\/p>","protected":false},"author":1,"featured_media":0,"parent":0,"menu_order":0,"comment_status":"closed","ping_status":"open","template":"","meta":{"footnotes":""},"class_list":["post-3","page","type-page","status-publish","hentry"],"_links":{"self":[{"href":"https:\/\/kunde02.servdi.de\/en\/wp-json\/wp\/v2\/pages\/3","targetHints":{"allow":["GET"]}}],"collection":[{"href":"https:\/\/kunde02.servdi.de\/en\/wp-json\/wp\/v2\/pages"}],"about":[{"href":"https:\/\/kunde02.servdi.de\/en\/wp-json\/wp\/v2\/types\/page"}],"author":[{"embeddable":true,"href":"https:\/\/kunde02.servdi.de\/en\/wp-json\/wp\/v2\/users\/1"}],"replies":[{"embeddable":true,"href":"https:\/\/kunde02.servdi.de\/en\/wp-json\/wp\/v2\/comments?post=3"}],"version-history":[{"count":14,"href":"https:\/\/kunde02.servdi.de\/en\/wp-json\/wp\/v2\/pages\/3\/revisions"}],"predecessor-version":[{"id":148,"href":"https:\/\/kunde02.servdi.de\/en\/wp-json\/wp\/v2\/pages\/3\/revisions\/148"}],"wp:attachment":[{"href":"https:\/\/kunde02.servdi.de\/en\/wp-json\/wp\/v2\/media?parent=3"}],"curies":[{"name":"wp","href":"https:\/\/api.w.org\/{rel}","templated":true}]}}