{"id":68,"date":"2025-12-24T13:44:33","date_gmt":"2025-12-24T12:44:33","guid":{"rendered":"https:\/\/kunde02.servdi.de\/?page_id=68"},"modified":"2025-12-27T12:59:20","modified_gmt":"2025-12-27T11:59:20","slug":"impressum","status":"publish","type":"page","link":"https:\/\/kunde02.servdi.de\/en\/impressum\/","title":{"rendered":"Imprint"},"content":{"rendered":"<article id=\"\u00a75tmg\" class=\"wp-block-group is-layout-constrained wp-block-group-is-layout-constrained\">\n<h1 class=\"wp-block-heading\">Imprint<\/h1>\n\n\n\n<h2 class=\"wp-block-heading\">Information according to \u00a7 5 TMG<\/h2>\n\n\n\n<p>Sabine Strecker Coaching &amp; Training<br> Madeleine-Ruoff-Stra\u00dfe 50<br> 82211 Herrsching<\/p>\n\n\n\n<p><strong>Represented by <\/strong><br>\nSabine Strecker<\/p>\n\n\n\n<div class=\"wp-block-group valuepairs is-layout-constrained wp-block-group-is-layout-constrained\">\n<div class=\"wp-block-group line is-layout-constrained wp-block-group-is-layout-constrained\">\n<div class=\"wp-block-group name is-layout-constrained wp-block-group-is-layout-constrained\">\n<p><strong>Contact<\/strong><\/p>\n<\/div>\n<\/div>\n\n\n\n<div class=\"wp-block-group line is-layout-constrained wp-block-group-is-layout-constrained\">\n<div class=\"wp-block-group name is-layout-constrained wp-block-group-is-layout-constrained\">\n<p>Phone<\/p>\n<\/div>\n\n\n\n<div class=\"wp-block-group value is-layout-constrained wp-block-group-is-layout-constrained\">\n<p><a href=\"tel:4915233691362\">+49 (0)152 33691362<\/a><\/p>\n<\/div>\n<\/div>\n\n\n\n<div class=\"wp-block-group line is-layout-constrained wp-block-group-is-layout-constrained\">\n<div class=\"wp-block-group name is-layout-constrained wp-block-group-is-layout-constrained\">\n<p>Email<\/p>\n<\/div>\n\n\n\n<div class=\"wp-block-group value is-layout-constrained wp-block-group-is-layout-constrained\">\n<p><a href=\"mailto:sabine@sabinestrecker.com\">sabine@sabinestrecker.com<\/a><\/p>\n<\/div>\n<\/div>\n<\/div>\n<\/article>\n\n\n\n<article id=\"weitere-angaben\" class=\"wp-block-group is-layout-constrained wp-block-group-is-layout-constrained\">\n<h2 class=\"wp-block-heading\">More information<\/h2>\n\n\n\n<div class=\"wp-block-group valuepairs is-layout-constrained wp-block-group-is-layout-constrained\">\n<div class=\"wp-block-group line is-layout-constrained wp-block-group-is-layout-constrained\">\n<div class=\"wp-block-group name is-layout-constrained wp-block-group-is-layout-constrained\">\n<p>VAT identification number<br>pursuant to Section 27a of the Value Added Tax Act<\/p>\n<\/div>\n\n\n\n<div class=\"wp-block-group value is-layout-constrained wp-block-group-is-layout-constrained\">\n<p>DE326263134<\/p>\n<\/div>\n<\/div>\n\n\n\n<div class=\"wp-block-group line is-layout-constrained wp-block-group-is-layout-constrained\">\n<div class=\"wp-block-group name is-layout-constrained wp-block-group-is-layout-constrained\">\n<p>Responsible for the content <br>nach \u00a7 18 Abs. 2 MStV<\/p>\n<\/div>\n\n\n\n<div class=\"wp-block-group value is-layout-constrained wp-block-group-is-layout-constrained\">\n<p>Sabine Strecker<br>Madeleione-Ruoff-Stra\u00dfe 50<br>82211 Herrsching<\/p>\n<\/div>\n<\/div>\n\n\n\n<div class=\"wp-block-group line is-layout-constrained wp-block-group-is-layout-constrained\">\n<div class=\"wp-block-group name is-layout-constrained wp-block-group-is-layout-constrained\">\n<p>Concept &amp; graphics<\/p>\n<\/div>\n\n\n\n<div class=\"wp-block-group value is-layout-constrained wp-block-group-is-layout-constrained\">\n<p><a href=\"https:\/\/peilstoecker-design.de\" target=\"_blank\" rel=\"noreferrer noopener\">Claus Peilst\u00f6cker<\/a><\/p>\n<\/div>\n<\/div>\n\n\n\n<div class=\"wp-block-group line is-layout-constrained wp-block-group-is-layout-constrained\">\n<div class=\"wp-block-group name is-layout-constrained wp-block-group-is-layout-constrained\">\n<p>Photography<\/p>\n<\/div>\n\n\n\n<div class=\"wp-block-group value is-layout-constrained wp-block-group-is-layout-constrained\">\n<p><a href=\"https:\/\/www.janroeder.de\/\u00fcber-uns.html\" target=\"_blank\" rel=\"noreferrer noopener\">Dominik Gierke<\/a><\/p>\n<\/div>\n<\/div>\n\n\n\n<div class=\"wp-block-group line is-layout-constrained wp-block-group-is-layout-constrained\">\n<div class=\"wp-block-group name is-layout-constrained wp-block-group-is-layout-constrained\">\n<p>Programming<\/p>\n<\/div>\n\n\n\n<div class=\"wp-block-group value is-layout-constrained wp-block-group-is-layout-constrained\">\n<p><a href=\"https:\/\/datenwege-informatik.de\" target=\"_blank\" rel=\"noreferrer noopener\">Gernot Daum<\/a><\/p>\n<\/div>\n<\/div>\n<\/div>\n<\/article>\n\n\n\n<article id=\"haftungsausschluss\" class=\"wp-block-group is-layout-constrained wp-block-group-is-layout-constrained\">\n<h2 class=\"wp-block-heading\">Disclaimer<\/h2>\n\n\n\n<h3 class=\"wp-block-heading\">Liability for content<\/h3>\n\n\n\n<p>The content of our pages was created with the utmost care. However, we cannot guarantee the accuracy, completeness, and timeliness of the content. As a service provider, we are responsible for our own content on these pages in accordance with Section 7 Paragraph 1 of the German Telemedia Act (TMG). However, according to Sections 8 to 10 of the TMG, we are not obligated as a service provider to monitor transmitted or stored third-party information or to investigate circumstances that indicate illegal activity. <\/p>\n\n\n\n<p>Obligations to remove or block the use of information under general law remain unaffected. However, liability in this regard is only possible from the point at which we become aware of a specific legal infringement. Upon becoming aware of such legal infringements, we will remove this content immediately.<\/p>\n\n\n\n<h3 class=\"wp-block-heading\">Liability for links<\/h3>\n\n\n\n<p>Our website contains links to external websites of third parties,\nover whose content we have no influence. Therefore, we cannot assume any liability for this\nexternal content. The respective provider or operator of the linked\npages is always responsible for their content. The linked pages were checked for possible legal violations at the time the links were created. <\/p>\n\n\n\n<p>No illegal content was apparent at the time the links were created. However, ongoing monitoring of the content of linked pages is not feasible without specific indications of a legal violation. Upon becoming aware of any legal violations, we will remove such links immediately. <\/p>\n\n\n\n<h3 class=\"wp-block-heading\">Copyright<\/h3>\n\n\n\n<p>The content and works created by the site operators\non these pages are subject to German copyright law. Reproduction, processing, distribution, and any form of exploitation beyond the limits of copyright law require the written consent of the respective author or creator. Downloads and copies of this page are permitted only for private, non-commercial use. Insofar as the content on this page was not created by the operator, the copyrights of third parties are respected.<\/p>\n\n\n\n<p>In particular, third-party content is\nmarked as such. Should you nevertheless become aware of a copyright infringement, please notify us accordingly. Upon becoming aware of any legal infringements, we will remove such content immediately.<\/p>\n<\/article>","protected":false},"excerpt":{"rendered":"<p>Impressum Angaben gem\u00e4\u00df \u00a7 5 TMG Sabine Strecker Coaching &amp; Training Madeleine-Ruoff-Stra\u00dfe 50 82211 Herrsching Vertreten durch Sabine Strecker Kontakt Weitere Angaben Umsatzsteuer-Identifikationsnummergem\u00e4\u00df \u00a727a Umsatzsteuergesetz DE326263134 Verantwortlich f\u00fcr den Inhalt nach \u00a7 18 Abs. 2 MStV Sabine StreckerMadeleione-Ruoff-Stra\u00dfe 5082211 Herrsching Konzept &amp; Grafik Claus Peilst\u00f6cker Fotografie Dominik Gierke Programmierung Gernot Daum Haftungsausschluss Haftung f\u00fcr Inhalte [&hellip;]<\/p>","protected":false},"author":1,"featured_media":0,"parent":0,"menu_order":0,"comment_status":"closed","ping_status":"closed","template":"","meta":{"footnotes":""},"class_list":["post-68","page","type-page","status-publish","hentry"],"_links":{"self":[{"href":"https:\/\/kunde02.servdi.de\/en\/wp-json\/wp\/v2\/pages\/68","targetHints":{"allow":["GET"]}}],"collection":[{"href":"https:\/\/kunde02.servdi.de\/en\/wp-json\/wp\/v2\/pages"}],"about":[{"href":"https:\/\/kunde02.servdi.de\/en\/wp-json\/wp\/v2\/types\/page"}],"author":[{"embeddable":true,"href":"https:\/\/kunde02.servdi.de\/en\/wp-json\/wp\/v2\/users\/1"}],"replies":[{"embeddable":true,"href":"https:\/\/kunde02.servdi.de\/en\/wp-json\/wp\/v2\/comments?post=68"}],"version-history":[{"count":25,"href":"https:\/\/kunde02.servdi.de\/en\/wp-json\/wp\/v2\/pages\/68\/revisions"}],"predecessor-version":[{"id":215,"href":"https:\/\/kunde02.servdi.de\/en\/wp-json\/wp\/v2\/pages\/68\/revisions\/215"}],"wp:attachment":[{"href":"https:\/\/kunde02.servdi.de\/en\/wp-json\/wp\/v2\/media?parent=68"}],"curies":[{"name":"wp","href":"https:\/\/api.w.org\/{rel}","templated":true}]}}