{"id":80,"date":"2025-12-26T08:57:28","date_gmt":"2025-12-26T07:57:28","guid":{"rendered":"https:\/\/kunde02.servdi.de\/?page_id=80"},"modified":"2025-12-27T17:59:55","modified_gmt":"2025-12-27T16:59:55","slug":"ueber-mich","status":"publish","type":"page","link":"https:\/\/kunde02.servdi.de\/en\/ueber-mich\/","title":{"rendered":"About Me"},"content":{"rendered":"<article id=\"profil\" class=\"wp-block-group is-layout-constrained wp-block-group-is-layout-constrained\">\n<figure class=\"wp-block-image size-full\"><img loading=\"lazy\" decoding=\"async\" width=\"800\" height=\"395\" src=\"https:\/\/kunde02.servdi.de\/wp-content\/uploads\/2025\/12\/Profil.jpg\" alt=\"Sabine Strecker: Wer ich bin und wof\u00fcr ich stehe.\" class=\"wp-image-204\" srcset=\"https:\/\/kunde02.servdi.de\/wp-content\/uploads\/2025\/12\/Profil.jpg 800w, https:\/\/kunde02.servdi.de\/wp-content\/uploads\/2025\/12\/Profil-300x148.jpg 300w, https:\/\/kunde02.servdi.de\/wp-content\/uploads\/2025\/12\/Profil-768x379.jpg 768w\" sizes=\"auto, (max-width: 800px) 100vw, 800px\" \/><\/figure>\n\n\n\n<h2 class=\"wp-block-heading entry-title\">Profile<\/h2>\n\n\n\n<h3 class=\"wp-block-heading entry-subtitle\">Who I am and what I stand for.<\/h3>\n\n\n\n<ul class=\"wp-block-list\">\n<li>Creative communications expert who is passionate about bringing about sustainable change in teams and organizations<\/li>\n\n\n\n<li>Dedicated coach, facilitator and trainer who supports individuals and teams in development and problem-solving processes in both English and German<\/li>\n\n\n\n<li>Experienced executive with more than 20 years of management experience and deep business understanding<\/li>\n\n\n\n<li>Working in a global context is second nature to me; a four-year stay abroad has further deepened this competence<\/li>\n<\/ul>\n\n\n\n<p>My passion for the power of communication has accompanied me for almost three decades. Its role and importance in relationships between people fascinate me.<\/p>\n\n\n\n<p>I work with individuals and groups to further develop their communication skills, shape their collaboration at an international level, and realize their visions. I support teams, companies, and organizations through change processes, offering consulting, coaching, and training.<\/p>\n\n\n\n<h3 class=\"wp-block-heading entry-subtitle\">Attitude and values<\/h3>\n\n\n\n<p>Active listening. Good questions. Enabling a change of perspective, empathy and encouragement. Refreshing energy, an analytical and strategic view. Getting to the heart of the matter and making complexity understandable.<\/p>\n\n\n\n<h3 class=\"wp-block-heading entry-subtitle\">Qualifications &amp; Accreditations<\/h3>\n\n\n\n<p>Systemic team coach training (Global Team Coaching Institute), personal coach (Coach U). EMCC accreditation. Studies in communication science, Romance languages \u200b\u200band economics; journalistic training; public relations studies. Certified AI &amp; Media &amp; Communication Expert.<\/p>\n\n\n\n<h3 class=\"wp-block-heading entry-subtitle\">Professional experience (selection)<\/h3>\n\n\n\n<p>Many years of freelance experience as a coach, consultant, and trainer, both domestically and internationally; management positions in companies and agencies; member of management teams; founder\/builder of a tech start-up; international collaborations; TV editor\/producer\/presenter; author of specialist publications.<\/p>\n\n\n\n<h3 class=\"wp-block-heading entry-subtitle\">Working languages \u200b\u200b&amp; context<\/h3>\n\n\n\n<p>German and English; familiar with international structures and stakeholder landscapes.<\/p>\n\n\n\n<p>More on <a href=\"https:\/\/login.xing.com\/?locale=de&amp;dest_url=https%3A%2F%2Fwww.xing.com%2Fprofile%2FSabine_SchindlerStrecker\" target=\"_blank\" rel=\"noreferrer noopener\">Xing<\/a> and <a href=\"https:\/\/www.linkedin.com\/in\/sabine-strecker-59a5031a\/\" target=\"_blank\" rel=\"noreferrer noopener\">LinkedIn<\/a>.<\/p>\n<\/article>\n\n\n\n<article id=\"berufliche-stationen-\" class=\"wp-block-group is-layout-constrained wp-block-group-is-layout-constrained\">\n<div class=\"wp-block-getwid-accordion\" data-active-element=\"none\">\n<div class=\"wp-block-getwid-accordion__header-wrapper\"><span class=\"wp-block-getwid-accordion__header\"><a href=\"#\"><span class=\"wp-block-getwid-accordion__header-title\">Professional experience includes:<\/span><span class=\"wp-block-getwid-accordion__icon is-active\"><i class=\"fas fa-plus\"><\/i><\/span><span class=\"wp-block-getwid-accordion__icon is-passive\"><i class=\"fas fa-minus\"><\/i><\/span><\/a><\/span><\/div><div class=\"wp-block-getwid-accordion__content-wrapper\"><div class=\"wp-block-getwid-accordion__content\">\n<p>independent communications consultant, trainer and coach<\/p>\n\n\n\n<p>as VP Head of the German Corporate&amp;Tech Practice of the international PR agency Ketchum, a total of nine years as a consultant in agencies<\/p>\n\n\n\n<p>Global mindset and frequent outside-the-box thinking, four years spent in the USA and many years of experience in international contexts<\/p>\n\n\n\n<p>Head of Marketing\/PR and Senior Expert Corporate Communications in a company in the automotive supplier industry<\/p>\n\n\n\n<p>Marketing\/PR for a technology start-up (Conformable Electronics\/Wearables), involved in the founding and development of the company<\/p>\n\n\n\n<p>Journalistic training and work as a TV editor, producer and presenter<\/p>\n\n\n\n<p>Certified Personal Coach (Coach U) and Systemic Team Coach (Global Team Coaching Institute)<\/p>\n\n\n\n<p>Certified AI &amp; Communication &amp; Media Expert<\/p>\n\n\n\n<p>PR studies (DAPR)<\/p>\n\n\n\n<p>Studies in Communication Sciences, Romance Philology, and Economics<\/p>\n\n\n\n<p>Author of the textbook \"Internal Communication\" for the Berlin School of Journalism<\/p>\n\n\n\n<p>Member of the American-German Business Club Munich<\/p>\n\n\n\n<p>Member of the Bavarian Philharmonic Choir; regular vocal training<\/p>\n<\/div><\/div>\n<\/div>\n<\/article>\n\n\n\n<article id=\"zertifikate\" class=\"wp-block-group is-layout-constrained wp-block-group-is-layout-constrained\">\n<figure class=\"wp-block-image size-full\"><img loading=\"lazy\" decoding=\"async\" width=\"313\" height=\"60\" src=\"https:\/\/kunde02.servdi.de\/wp-content\/uploads\/2025\/12\/Global-Team-Coaching-Institute.jpg\" alt=\"\" class=\"wp-image-191\" srcset=\"https:\/\/kunde02.servdi.de\/wp-content\/uploads\/2025\/12\/Global-Team-Coaching-Institute.jpg 313w, https:\/\/kunde02.servdi.de\/wp-content\/uploads\/2025\/12\/Global-Team-Coaching-Institute-300x58.jpg 300w\" sizes=\"auto, (max-width: 313px) 100vw, 313px\" \/><\/figure>\n\n\n\n<figure class=\"wp-block-image size-full\"><img loading=\"lazy\" decoding=\"async\" width=\"600\" height=\"240\" src=\"https:\/\/kunde02.servdi.de\/wp-content\/uploads\/2025\/12\/Zertifikat-Sabine-Strecker.jpg\" alt=\"\" class=\"wp-image-193\" srcset=\"https:\/\/kunde02.servdi.de\/wp-content\/uploads\/2025\/12\/Zertifikat-Sabine-Strecker.jpg 600w, https:\/\/kunde02.servdi.de\/wp-content\/uploads\/2025\/12\/Zertifikat-Sabine-Strecker-300x120.jpg 300w\" sizes=\"auto, (max-width: 600px) 100vw, 600px\" \/><\/figure>\n<\/article>","protected":false},"excerpt":{"rendered":"<p>Profil Wer ich bin und wof\u00fcr ich stehe. Die Leidenschaft f\u00fcr die Kraft der Kommunikation begleitet mich seit fast drei Jahrzehnten. Ihre Rolle und Bedeutung f\u00fcr die Beziehungen zwischen Menschen faszinieren mich. Ich arbeite mit Einzelpersonen und Gruppen an der Weiterentwicklung ihrer kommunikativen F\u00e4higkeiten, an der Gestaltung ihrer Zusammenarbeit auf internationaler Ebene und der Realisierung [&hellip;]<\/p>","protected":false},"author":1,"featured_media":0,"parent":0,"menu_order":0,"comment_status":"closed","ping_status":"closed","template":"","meta":{"footnotes":""},"class_list":["post-80","page","type-page","status-publish","hentry"],"_links":{"self":[{"href":"https:\/\/kunde02.servdi.de\/en\/wp-json\/wp\/v2\/pages\/80","targetHints":{"allow":["GET"]}}],"collection":[{"href":"https:\/\/kunde02.servdi.de\/en\/wp-json\/wp\/v2\/pages"}],"about":[{"href":"https:\/\/kunde02.servdi.de\/en\/wp-json\/wp\/v2\/types\/page"}],"author":[{"embeddable":true,"href":"https:\/\/kunde02.servdi.de\/en\/wp-json\/wp\/v2\/users\/1"}],"replies":[{"embeddable":true,"href":"https:\/\/kunde02.servdi.de\/en\/wp-json\/wp\/v2\/comments?post=80"}],"version-history":[{"count":14,"href":"https:\/\/kunde02.servdi.de\/en\/wp-json\/wp\/v2\/pages\/80\/revisions"}],"predecessor-version":[{"id":226,"href":"https:\/\/kunde02.servdi.de\/en\/wp-json\/wp\/v2\/pages\/80\/revisions\/226"}],"wp:attachment":[{"href":"https:\/\/kunde02.servdi.de\/en\/wp-json\/wp\/v2\/media?parent=80"}],"curies":[{"name":"wp","href":"https:\/\/api.w.org\/{rel}","templated":true}]}}